{"id":39,"date":"2017-11-14T20:53:11","date_gmt":"2017-11-14T20:53:11","guid":{"rendered":"http:\/\/www.termopac.do.php7-32.phx1-2.websitetestlink.com\/?page_id=39"},"modified":"2024-07-11T13:44:05","modified_gmt":"2024-07-11T13:44:05","slug":"contactos","status":"publish","type":"page","link":"\/es\/contactos\/","title":{"rendered":"Contactos"},"content":{"rendered":"<p>[vc_row][vc_column][vc_column_text][\/vc_column_text][\/vc_column][\/vc_row][vc_row][vc_column width=&#8221;1\/3&#8243; el_class=&#8221;two_third&#8221; css=&#8221;.vc_custom_1510606418995{padding-right: 80px !important;}&#8221;]<div class=\"clearfix margin_top2\"><\/div>[vc_custom_heading text=&#8221;CONT\u00c1CTANOS&#8221; font_container=&#8221;tag:h2|text_align:left|color:%23eb2927&#8243; use_theme_fonts=&#8221;yes&#8221;][vc_custom_heading text=&#8221;\u00bfC\u00d3MO PODEMOS AYUDARTE?&#8221; font_container=&#8221;tag:h4|text_align:left|color:%23eb2927&#8243; use_theme_fonts=&#8221;yes&#8221;]<div class=\"clearfix margin_top4\"><\/div>[vc_column_text]\n<div class=\"wpcf7 no-js\" id=\"wpcf7-f14-o1\" lang=\"en-US\" dir=\"ltr\">\n<div class=\"screen-reader-response\"><p role=\"status\" aria-live=\"polite\" aria-atomic=\"true\"><\/p> <ul><\/ul><\/div>\n<form action=\"\/es\/wp-json\/wp\/v2\/pages\/39#wpcf7-f14-o1\" method=\"post\" class=\"wpcf7-form init\" aria-label=\"Contact form\" novalidate=\"novalidate\" data-status=\"init\">\n<div style=\"display: none;\">\n<input type=\"hidden\" name=\"_wpcf7\" value=\"14\" \/>\n<input type=\"hidden\" name=\"_wpcf7_version\" value=\"5.8.6\" \/>\n<input type=\"hidden\" name=\"_wpcf7_locale\" value=\"en_US\" \/>\n<input type=\"hidden\" name=\"_wpcf7_unit_tag\" value=\"wpcf7-f14-o1\" \/>\n<input type=\"hidden\" name=\"_wpcf7_container_post\" value=\"0\" \/>\n<input type=\"hidden\" name=\"_wpcf7_posted_data_hash\" value=\"\" \/>\n<\/div>\n<p><span class=\"wpcf7-form-control-wrap\" data-name=\"email-ventas\"><span class=\"wpcf7-form-control wpcf7-radio\"><span class=\"wpcf7-list-item first\"><span class=\"wpcf7-list-item-label\">Venta local<\/span><input type=\"radio\" name=\"email-ventas\" value=\"Venta local\" checked=\"checked\" \/><\/span><span class=\"wpcf7-list-item last\"><span class=\"wpcf7-list-item-label\">Venta internacional<\/span><input type=\"radio\" name=\"email-ventas\" value=\"Venta internacional\" \/><\/span><\/span><\/span>\n<\/p>\n<p>Nombre (obligatorio)\n<\/p>\n<p><span class=\"wpcf7-form-control-wrap\" data-name=\"your-name\"><input size=\"40\" class=\"wpcf7-form-control wpcf7-text wpcf7-validates-as-required\" aria-required=\"true\" aria-invalid=\"false\" value=\"\" type=\"text\" name=\"your-name\" \/><\/span>\n<\/p>\n<p>Email (obligatorio)\n<\/p>\n<p><span class=\"wpcf7-form-control-wrap\" data-name=\"your-email\"><input size=\"40\" class=\"wpcf7-form-control wpcf7-email wpcf7-validates-as-required wpcf7-text wpcf7-validates-as-email\" aria-required=\"true\" aria-invalid=\"false\" value=\"\" type=\"email\" name=\"your-email\" \/><\/span>\n<\/p>\n<p>Asunto\n<\/p>\n<p><span class=\"wpcf7-form-control-wrap\" data-name=\"your-subject\"><input size=\"40\" class=\"wpcf7-form-control wpcf7-text\" aria-invalid=\"false\" value=\"\" type=\"text\" name=\"your-subject\" \/><\/span>\n<\/p>\n<p>Mensaje\n<\/p>\n<p><span class=\"wpcf7-form-control-wrap\" data-name=\"your-message\"><textarea cols=\"40\" rows=\"10\" class=\"wpcf7-form-control wpcf7-textarea\" aria-invalid=\"false\" name=\"your-message\"><\/textarea><\/span>\n<\/p>\n<p><input class=\"wpcf7-form-control wpcf7-submit has-spinner\" type=\"submit\" value=\"Enviar\" \/>\n<\/p><div class=\"wpcf7-response-output\" aria-hidden=\"true\"><\/div>\n<\/form>\n<\/div>\n[\/vc_column_text][\/vc_column][vc_column width=&#8221;1\/3&#8243; el_class=&#8221;one_third last&#8221;][vc_empty_space]<div class=\"clearfix margin_top2\"><\/div>[vc_column_text]<\/p>\n<p class=\"p1\"><span class=\"s1\"><b>CONT\u00c1CTANOS<\/b><\/span><\/p>\n<p>&nbsp;<\/p>\n<p><strong>Correo Electr\u00f3nico:<\/strong><br \/>\n<a href=\"mailto:info@diesco.com\" target=\"_blank\" rel=\"noopener noreferrer\">info@diesco.com<\/a><br \/>\n<a href=\"mailto:ventas.internacionales@diesco.com\" target=\"_blank\" rel=\"noopener noreferrer\">ventas.internacionales@diesco.com<\/a><br \/>\n<a href=\"mailto:ventas.locales@diesco.com\" target=\"_blank\" rel=\"noopener noreferrer\">ventas.locales@diesco.com<\/a><\/p>\n<p>&nbsp;<\/p>\n<p><strong>Carreras<\/strong><br \/>\n\u00bfEst\u00e1s interesado en hacer carrera con nosotros?<br \/>\nVisitanos a<a href=\"https:\/\/termopac.evaluar.com\/\" target=\"_blank\" rel=\"noopener noreferrer\">\u00a0Termopac.evaluar.com<\/a><\/p>\n<p>&nbsp;<\/p>\n<p><strong>Direcci\u00f3n:<\/strong><br \/>\nAvenida Nicol\u00e1s de Ovando, No. 340, Cristo Rey, Santo Domingo, Rep\u00fablica Dominicana, C\u00f3digo Postal 10410<\/p>\n<p>&nbsp;<\/p>\n<p><strong>Tel\u00e9fonos:<\/strong><\/p>\n<p>809-732-7659 \/\u00a0809-567-0600<\/p>\n<p>&nbsp;<\/p>\n<p><strong>Horario:<\/strong><\/p>\n<p>De 8:30 a.m. a 5:30 p.m. de lunes a viernes[\/vc_column_text][\/vc_column][\/vc_row][vc_row][vc_column]<div class=\"clearfix margin_top7\"><\/div>[\/vc_column][\/vc_row][vc_row king_row_type=&#8221;container_full&#8221;][vc_column css=&#8221;.vc_custom_1510604988054{border-top-width: 20px !important;border-top-color: #1e469e !important;border-top-style: solid !important;}&#8221;][vc_gmaps link=&#8221;#E-8_JTNDaWZyYW1lJTIwc3JjJTNEJTIyaHR0cHMlM0ElMkYlMkZ3d3cuZ29vZ2xlLmNvbSUyRm1hcHMlMkZlbWJlZCUzRnBiJTNEJTIxMW0xOCUyMTFtMTIlMjExbTMlMjExZDM3NDQuNTExODY4Mzg2ODk5NiUyMTJkLTY5LjkxODE2ODU4NzQ1MDk5JTIxM2QxOC40OTk2MjQyMTU0NjkyMyUyMTJtMyUyMTFmMCUyMTJmMCUyMTNmMCUyMTNtMiUyMTFpMTAyNCUyMTJpNzY4JTIxNGYxMy4xJTIxM20zJTIxMW0yJTIxMXMweDhlYWY4OWFmNzA0M2ViYjMlMjUzQTB4YWUxNmE5NzFjOTg4MWQ5YyUyMTJzVGVybW9wYWMlMkJJbmR1c3RyaWFsJTJCUy5BLiUyMTVlMCUyMTNtMiUyMTFzZXMtNDE5JTIxMnNkbyUyMTR2MTUyMDM0ODM4MTUxNyUyMiUyMHdpZHRoJTNEJTIyMTAwJTI1JTIyJTIwaGVpZ2h0JTNEJTIyNDUwJTIyJTIwZnJhbWVib3JkZXIlM0QlMjIwJTIyJTIwc3R5bGUlM0QlMjJib3JkZXIlM0EwJTIyJTIwYWxsb3dmdWxsc2NyZWVuJTNFJTNDJTJGaWZyYW1lJTNF&#8221; size=&#8221;450&#8243;]<div class=\"clearfix margin_top10\"><\/div>[\/vc_column][\/vc_row][vc_row][vc_column][\/vc_column][\/vc_row]<\/p>\n","protected":false},"excerpt":{"rendered":"<p>[vc_row][vc_column][vc_column_text][\/vc_column_text][\/vc_column][\/vc_row][vc_row][vc_column width=&#8221;1\/3&#8243; el_class=&#8221;two_third&#8221; css=&#8221;.vc_custom_1510606418995{padding-right: 80px !important;}&#8221;][vc_custom_heading text=&#8221;CONT\u00c1CTANOS&#8221; font_container=&#8221;tag:h2|text_align:left|color:%23eb2927&#8243; use_theme_fonts=&#8221;yes&#8221;][vc_custom_heading text=&#8221;\u00bfC\u00d3MO PODEMOS AYUDARTE?&#8221; font_container=&#8221;tag:h4|text_align:left|color:%23eb2927&#8243; use_theme_fonts=&#8221;yes&#8221;][vc_column_text][\/vc_column_text][\/vc_column][vc_column width=&#8221;1\/3&#8243; el_class=&#8221;one_third last&#8221;][vc_empty_space][vc_column_text] CONT\u00c1CTANOS &nbsp; Correo Electr\u00f3nico: info@diesco.com ventas.internacionales@diesco.com ventas.locales@diesco.com &nbsp; Carreras \u00bfEst\u00e1s interesado en hacer carrera con nosotros? Visitanos a\u00a0Termopac.evaluar.com &nbsp; Direcci\u00f3n: Avenida Nicol\u00e1s de Ovando, No. 340, Cristo Rey, Santo Domingo, Rep\u00fablica Dominicana, C\u00f3digo Postal 10410 &nbsp; Tel\u00e9fonos: 809-732-7659 [&hellip;]<\/p>\n","protected":false},"author":1,"featured_media":0,"parent":0,"menu_order":0,"comment_status":"closed","ping_status":"closed","template":"templates\/full-width.php","meta":{"_monsterinsights_skip_tracking":false,"_monsterinsights_sitenote_active":false,"_monsterinsights_sitenote_note":"","_monsterinsights_sitenote_category":0,"footnotes":""},"_links":{"self":[{"href":"https:\/\/termopac.com.do\/es\/wp-json\/wp\/v2\/pages\/39"}],"collection":[{"href":"https:\/\/termopac.com.do\/es\/wp-json\/wp\/v2\/pages"}],"about":[{"href":"https:\/\/termopac.com.do\/es\/wp-json\/wp\/v2\/types\/page"}],"author":[{"embeddable":true,"href":"https:\/\/termopac.com.do\/es\/wp-json\/wp\/v2\/users\/1"}],"replies":[{"embeddable":true,"href":"https:\/\/termopac.com.do\/es\/wp-json\/wp\/v2\/comments?post=39"}],"version-history":[{"count":39,"href":"https:\/\/termopac.com.do\/es\/wp-json\/wp\/v2\/pages\/39\/revisions"}],"predecessor-version":[{"id":500,"href":"https:\/\/termopac.com.do\/es\/wp-json\/wp\/v2\/pages\/39\/revisions\/500"}],"wp:attachment":[{"href":"https:\/\/termopac.com.do\/es\/wp-json\/wp\/v2\/media?parent=39"}],"curies":[{"name":"wp","href":"https:\/\/api.w.org\/{rel}","templated":true}]}}