{"id":37,"date":"2017-11-14T20:51:47","date_gmt":"2017-11-14T20:51:47","guid":{"rendered":"http:\/\/www.termopac.do.php7-32.phx1-2.websitetestlink.com\/?page_id=37"},"modified":"2020-10-24T01:12:15","modified_gmt":"2020-10-24T01:12:15","slug":"nosotros","status":"publish","type":"page","link":"\/es\/nosotros\/","title":{"rendered":"Nosotros"},"content":{"rendered":"<p>[vc_row][vc_column][vc_empty_space height=&#8221;45px&#8221;][vc_custom_heading text=&#8221;Fundada en 1978, Termopac Industrial nace como parte del grupo de empresas industriales que vienen a ofrecer necesidades diferentes de empaques en el mercado, siendo pionera en la introducci\u00f3n de empaques de Foam. Para la d\u00e9cada de los a\u00f1os 90, inicia un proceso de expansi\u00f3n y distribuci\u00f3n de sus productos en todo el Caribe y USA, logrando ser reconocida como Exportador del a\u00f1o.&#8221; font_container=&#8221;tag:h4|text_align:justify|line_height:1.5&#8243; use_theme_fonts=&#8221;yes&#8221; css=&#8221;.vc_custom_1520016792411{padding-right: 150px !important;padding-left: 150px !important;}&#8221; el_class=&#8221;texto-termopac&#8221;][vc_custom_heading text=&#8221;Fundada en 1978, Termopac Industrial nace como parte del grupo de empresas industriales que vienen a ofrecer necesidades diferentes de empaques en el mercado, siendo pionera en la introducci\u00f3n de empaques de Foam. Para la d\u00e9cada de los a\u00f1os 90, inicia un proceso de expansi\u00f3n y distribuci\u00f3n de sus productos en todo el Caribe y USA, logrando ser reconocida como Exportador del a\u00f1o.&#8221; font_container=&#8221;tag:h4|text_align:justify|line_height:1.5&#8243; use_theme_fonts=&#8221;yes&#8221; el_class=&#8221;texto-termopac-mobile&#8221;][vc_empty_space height=&#8221;45px&#8221;][\/vc_column][\/vc_row][vc_row][vc_column][vc_empty_space height=&#8221;45px&#8221;][vc_custom_heading text=&#8221;Nuestros productos son consumidos tanto en el mercado Local, como exportados a m\u00e1s de 25 pa\u00edses en el Caribe, Centro Am\u00e9rica y Estados Unidos, facilitan las necesidades de empaques tanto del sector Industrial, Distribuidores y de Consumidores Finales.&#8221; font_container=&#8221;tag:h4|text_align:justify|line_height:1.5&#8243; use_theme_fonts=&#8221;yes&#8221; css=&#8221;.vc_custom_1520016811918{padding-right: 150px !important;padding-left: 150px !important;}&#8221; el_class=&#8221;texto-termopac&#8221;][vc_custom_heading text=&#8221;Nuestros productos son consumidos tanto en el mercado Local, como exportados a m\u00e1s de 25 pa\u00edses en el Caribe, Centro Am\u00e9rica y Estados Unidos, facilitan las necesidades de empaques tanto del sector Industrial, Distribuidores y de Consumidores Finales.&#8221; font_container=&#8221;tag:h4|text_align:justify|line_height:1.5&#8243; use_theme_fonts=&#8221;yes&#8221; el_class=&#8221;texto-termopac-mobile&#8221;][vc_empty_space height=&#8221;45px&#8221;][\/vc_column][\/vc_row][vc_row][vc_column css=&#8221;.vc_custom_1510340827279{margin-right: 0px !important;margin-left: 0px !important;padding-right: 0px !important;padding-left: 0px !important;}&#8221;][vc_row_inner][vc_column_inner width=&#8221;1\/3&#8243;][vc_single_image image=&#8221;23&#8243; img_size=&#8221;full&#8221; alignment=&#8221;center&#8221;][vc_empty_space][vc_column_text css=&#8221;.vc_custom_1520016858809{padding-right: 30px !important;padding-left: 30px !important;}&#8221;]<\/p>\n<p style=\"text-align: center;\"><span style=\"font-weight: 400;\"> Nuestra planta manufacturera est\u00e1 ubicada en Santo Domingo, Rep\u00fablica Dominicana exportamos nuestros productos a m\u00e1s de 25 pa\u00edses.<\/span><\/p>\n<p>[\/vc_column_text][\/vc_column_inner][vc_column_inner width=&#8221;1\/3&#8243;][vc_single_image image=&#8221;26&#8243; img_size=&#8221;full&#8221; alignment=&#8221;center&#8221;][vc_empty_space][vc_column_text css=&#8221;.vc_custom_1520016878249{padding-right: 30px !important;padding-left: 30px !important;}&#8221;]<\/p>\n<p style=\"text-align: center;\"><span style=\"font-weight: 400;\"> Nuestra empresa cuenta con la mejor tecnolog\u00eda de Extrusi\u00f3n y Termoformado, en diversos tipos de Resinas. As\u00ed como los equipos necesarios para transformar otros tipos de l\u00e1minas y materiales, con el fin de brindar soluciones pr\u00e1cticas, econ\u00f3micas y confiables a nuestros clientes. <\/span><\/p>\n<p>[\/vc_column_text][\/vc_column_inner][vc_column_inner width=&#8221;1\/3&#8243;][vc_single_image image=&#8221;24&#8243; img_size=&#8221;full&#8221; alignment=&#8221;center&#8221;][vc_empty_space][vc_column_text css=&#8221;.vc_custom_1520016897881{padding-right: 30px !important;padding-left: 30px !important;}&#8221;]<\/p>\n<p class=\"p1\" style=\"text-align: center;\"><span class=\"s1\">Nuestra planta manufacturera aprovecha<span class=\"Apple-converted-space\">\u00a0 <\/span>la log\u00edstica y<span class=\"Apple-converted-space\">\u00a0 <\/span>facilidades de puertos localizados en un radio no mayor de 30 kil\u00f3metros. <span class=\"Apple-converted-space\">\u00a0 \u00a0<\/span><\/span><\/p>\n<p class=\"p1\" style=\"text-align: center;\"><span class=\"s1\">Las instalaciones cuentan con todas las facilidades necesarias para lograr un proceso productivo eficiente, seguro y ambientalmente amigable. <\/span><\/p>\n<p>[\/vc_column_text][\/vc_column_inner][\/vc_row_inner][vc_empty_space height=&#8221;45px&#8221;][\/vc_column][\/vc_row][vc_row][vc_column][vc_empty_space height=&#8221;45px&#8221;][\/vc_column][\/vc_row][vc_row][vc_column][\/vc_column][\/vc_row]<\/p>\n","protected":false},"excerpt":{"rendered":"<p>[vc_row][vc_column][vc_empty_space height=&#8221;45px&#8221;][vc_custom_heading text=&#8221;Fundada en 1978, Termopac Industrial nace como parte del grupo de empresas industriales que vienen a ofrecer necesidades diferentes de empaques en el mercado, siendo pionera en la introducci\u00f3n de empaques de Foam. Para la d\u00e9cada de los a\u00f1os 90, inicia un proceso de expansi\u00f3n y distribuci\u00f3n de sus productos en todo el [&hellip;]<\/p>\n","protected":false},"author":1,"featured_media":0,"parent":0,"menu_order":0,"comment_status":"closed","ping_status":"closed","template":"templates\/full-width.php","meta":{"_monsterinsights_skip_tracking":false,"_monsterinsights_sitenote_active":false,"_monsterinsights_sitenote_note":"","_monsterinsights_sitenote_category":0,"footnotes":""},"_links":{"self":[{"href":"https:\/\/termopac.com.do\/es\/wp-json\/wp\/v2\/pages\/37"}],"collection":[{"href":"https:\/\/termopac.com.do\/es\/wp-json\/wp\/v2\/pages"}],"about":[{"href":"https:\/\/termopac.com.do\/es\/wp-json\/wp\/v2\/types\/page"}],"author":[{"embeddable":true,"href":"https:\/\/termopac.com.do\/es\/wp-json\/wp\/v2\/users\/1"}],"replies":[{"embeddable":true,"href":"https:\/\/termopac.com.do\/es\/wp-json\/wp\/v2\/comments?post=37"}],"version-history":[{"count":13,"href":"https:\/\/termopac.com.do\/es\/wp-json\/wp\/v2\/pages\/37\/revisions"}],"predecessor-version":[{"id":347,"href":"https:\/\/termopac.com.do\/es\/wp-json\/wp\/v2\/pages\/37\/revisions\/347"}],"wp:attachment":[{"href":"https:\/\/termopac.com.do\/es\/wp-json\/wp\/v2\/media?parent=37"}],"curies":[{"name":"wp","href":"https:\/\/api.w.org\/{rel}","templated":true}]}}