{"id":19,"date":"2017-11-14T20:46:25","date_gmt":"2017-11-14T20:46:25","guid":{"rendered":"http:\/\/www.termopac.do.php7-32.phx1-2.websitetestlink.com\/?page_id=19"},"modified":"2020-10-24T00:52:19","modified_gmt":"2020-10-24T00:52:19","slug":"portada","status":"publish","type":"page","link":"\/es\/","title":{"rendered":"Portada"},"content":{"rendered":"<p>[vc_row][vc_column][vc_column_text][\/vc_column_text][\/vc_column][\/vc_row][vc_row][vc_column][vc_empty_space][vc_custom_heading text=&#8221;L\u00cdNEAS DE PRODUCTOS TERMOPAC&#8221; font_container=&#8221;tag:h2|text_align:center&#8221; use_theme_fonts=&#8221;yes&#8221; css=&#8221;.vc_custom_1520016238933{margin-right: 30% !important;margin-left: 30% !important;border-bottom-width: 4px !important;padding-bottom: 10px !important;border-bottom-color: #ee2921 !important;border-bottom-style: solid !important;}&#8221;][vc_empty_space][\/vc_column][\/vc_row][vc_row][vc_column css=&#8221;.vc_custom_1510340827279{margin-right: 0px !important;margin-left: 0px !important;padding-right: 0px !important;padding-left: 0px !important;}&#8221;][vc_single_image image=&#8221;53&#8243; img_size=&#8221;full&#8221; alignment=&#8221;center&#8221; css=&#8221;.vc_custom_1510694828468{margin-right: 0px !important;margin-left: 0px !important;border-right-width: 0px !important;padding-left: 0px !important;}&#8221;][vc_custom_heading text=&#8221;TODO SOBRE NUESTROS ENVASES&#8221; font_container=&#8221;tag:h3|text_align:left|color:%23ffffff&#8221; use_theme_fonts=&#8221;yes&#8221; css=&#8221;.vc_custom_1520016265707{padding-top: 35px !important;padding-bottom: 35px !important;padding-left: 30px !important;background-color: #1e469e !important;}&#8221;][\/vc_column][\/vc_row][vc_row][vc_column][vc_empty_space][vc_custom_heading text=&#8221;Ofrecemos una amplia variedad de empaques desechables, con m\u00e1s de 200 opciones de productos tanto en espuma pl\u00e1stica (foam), como pl\u00e1stico r\u00edgido y transparente, agrupadas en varias categor\u00edas de productos.&#8221; font_container=&#8221;tag:h4|text_align:justify|line_height:1.5&#8243; use_theme_fonts=&#8221;yes&#8221; css=&#8221;.vc_custom_1520016297894{padding-right: 150px !important;padding-left: 150px !important;}&#8221;][vc_empty_space][\/vc_column][\/vc_row][vc_row][vc_column][\/vc_column][\/vc_row]<\/p>\n","protected":false},"excerpt":{"rendered":"<p>[vc_row][vc_column][vc_column_text][\/vc_column_text][\/vc_column][\/vc_row][vc_row][vc_column][vc_empty_space][vc_custom_heading text=&#8221;L\u00cdNEAS DE PRODUCTOS TERMOPAC&#8221; font_container=&#8221;tag:h2|text_align:center&#8221; use_theme_fonts=&#8221;yes&#8221; css=&#8221;.vc_custom_1520016238933{margin-right: 30% !important;margin-left: 30% !important;border-bottom-width: 4px !important;padding-bottom: 10px !important;border-bottom-color: #ee2921 !important;border-bottom-style: solid !important;}&#8221;][vc_empty_space][\/vc_column][\/vc_row][vc_row][vc_column css=&#8221;.vc_custom_1510340827279{margin-right: 0px !important;margin-left: 0px !important;padding-right: 0px !important;padding-left: 0px !important;}&#8221;][vc_single_image image=&#8221;53&#8243; img_size=&#8221;full&#8221; alignment=&#8221;center&#8221; css=&#8221;.vc_custom_1510694828468{margin-right: 0px !important;margin-left: 0px !important;border-right-width: 0px !important;padding-left: 0px !important;}&#8221;][vc_custom_heading text=&#8221;TODO SOBRE NUESTROS ENVASES&#8221; font_container=&#8221;tag:h3|text_align:left|color:%23ffffff&#8221; use_theme_fonts=&#8221;yes&#8221; css=&#8221;.vc_custom_1520016265707{padding-top: 35px !important;padding-bottom: 35px !important;padding-left: 30px !important;background-color: #1e469e [&hellip;]<\/p>\n","protected":false},"author":1,"featured_media":0,"parent":0,"menu_order":0,"comment_status":"closed","ping_status":"closed","template":"templates\/full-width.php","meta":{"_monsterinsights_skip_tracking":false,"_monsterinsights_sitenote_active":false,"_monsterinsights_sitenote_note":"","_monsterinsights_sitenote_category":0,"footnotes":""},"_links":{"self":[{"href":"https:\/\/termopac.com.do\/es\/wp-json\/wp\/v2\/pages\/19"}],"collection":[{"href":"https:\/\/termopac.com.do\/es\/wp-json\/wp\/v2\/pages"}],"about":[{"href":"https:\/\/termopac.com.do\/es\/wp-json\/wp\/v2\/types\/page"}],"author":[{"embeddable":true,"href":"https:\/\/termopac.com.do\/es\/wp-json\/wp\/v2\/users\/1"}],"replies":[{"embeddable":true,"href":"https:\/\/termopac.com.do\/es\/wp-json\/wp\/v2\/comments?post=19"}],"version-history":[{"count":7,"href":"https:\/\/termopac.com.do\/es\/wp-json\/wp\/v2\/pages\/19\/revisions"}],"predecessor-version":[{"id":343,"href":"https:\/\/termopac.com.do\/es\/wp-json\/wp\/v2\/pages\/19\/revisions\/343"}],"wp:attachment":[{"href":"https:\/\/termopac.com.do\/es\/wp-json\/wp\/v2\/media?parent=19"}],"curies":[{"name":"wp","href":"https:\/\/api.w.org\/{rel}","templated":true}]}}