{"id":39,"date":"2017-11-14T20:53:11","date_gmt":"2017-11-14T20:53:11","guid":{"rendered":"http:\/\/18.214.71.244\/~termopac\/en\/?page_id=39"},"modified":"2022-11-11T20:29:46","modified_gmt":"2022-11-11T20:29:46","slug":"contact-us","status":"publish","type":"page","link":"\/en\/contact-us\/","title":{"rendered":"Contact Us"},"content":{"rendered":"<p>[vc_row][vc_column][vc_column_text][\/vc_column_text][\/vc_column][\/vc_row][vc_row][vc_column width=&#8221;1\/3&#8243; el_class=&#8221;two_third&#8221; css=&#8221;.vc_custom_1510606418995{padding-right: 80px !important;}&#8221;]<div class=\"clearfix margin_top2\"><\/div>[vc_custom_heading text=&#8221;CONTACT US&#8221; font_container=&#8221;tag:h2|text_align:left|color:%23eb2927&#8243; use_theme_fonts=&#8221;yes&#8221;][vc_custom_heading text=&#8221;HOW CAN WE HELP YOU?&#8221; font_container=&#8221;tag:h4|text_align:left|color:%23eb2927&#8243; use_theme_fonts=&#8221;yes&#8221;]<div class=\"clearfix margin_top4\"><\/div>[vc_column_text]\n<div class=\"wpcf7 no-js\" id=\"wpcf7-f14-o1\" lang=\"en-US\" dir=\"ltr\">\n<div class=\"screen-reader-response\"><p role=\"status\" aria-live=\"polite\" aria-atomic=\"true\"><\/p> <ul><\/ul><\/div>\n<form action=\"\/en\/wp-json\/wp\/v2\/pages\/39#wpcf7-f14-o1\" method=\"post\" class=\"wpcf7-form init\" aria-label=\"Contact form\" novalidate=\"novalidate\" data-status=\"init\">\n<div style=\"display: none;\">\n<input type=\"hidden\" name=\"_wpcf7\" value=\"14\" \/>\n<input type=\"hidden\" name=\"_wpcf7_version\" value=\"5.8.6\" \/>\n<input type=\"hidden\" name=\"_wpcf7_locale\" value=\"en_US\" \/>\n<input type=\"hidden\" name=\"_wpcf7_unit_tag\" value=\"wpcf7-f14-o1\" \/>\n<input type=\"hidden\" name=\"_wpcf7_container_post\" value=\"0\" \/>\n<input type=\"hidden\" name=\"_wpcf7_posted_data_hash\" value=\"\" \/>\n<\/div>\n<p><span class=\"wpcf7-form-control-wrap\" data-name=\"email-ventas\"><span class=\"wpcf7-form-control wpcf7-radio\"><span class=\"wpcf7-list-item first\"><span class=\"wpcf7-list-item-label\">Local sales<\/span><input type=\"radio\" name=\"email-ventas\" value=\"Local sales\" checked=\"checked\" \/><\/span><span class=\"wpcf7-list-item last\"><span class=\"wpcf7-list-item-label\">International sales<\/span><input type=\"radio\" name=\"email-ventas\" value=\"International sales\" \/><\/span><\/span><\/span>\n<\/p>\n<p>Name (mandatory)\n<\/p>\n<p><span class=\"wpcf7-form-control-wrap\" data-name=\"your-name\"><input size=\"40\" class=\"wpcf7-form-control wpcf7-text wpcf7-validates-as-required\" aria-required=\"true\" aria-invalid=\"false\" value=\"\" type=\"text\" name=\"your-name\" \/><\/span>\n<\/p>\n<p>Email (mandatory)\n<\/p>\n<p><span class=\"wpcf7-form-control-wrap\" data-name=\"your-email\"><input size=\"40\" class=\"wpcf7-form-control wpcf7-email wpcf7-validates-as-required wpcf7-text wpcf7-validates-as-email\" aria-required=\"true\" aria-invalid=\"false\" value=\"\" type=\"email\" name=\"your-email\" \/><\/span>\n<\/p>\n<p>Description or title\n<\/p>\n<p><span class=\"wpcf7-form-control-wrap\" data-name=\"your-subject\"><input size=\"40\" class=\"wpcf7-form-control wpcf7-text\" aria-invalid=\"false\" value=\"\" type=\"text\" name=\"your-subject\" \/><\/span>\n<\/p>\n<p>Message\n<\/p>\n<p><span class=\"wpcf7-form-control-wrap\" data-name=\"your-message\"><textarea cols=\"40\" rows=\"10\" class=\"wpcf7-form-control wpcf7-textarea\" aria-invalid=\"false\" name=\"your-message\"><\/textarea><\/span>\n<\/p>\n<p><input class=\"wpcf7-form-control wpcf7-submit has-spinner\" type=\"submit\" value=\"Send\" \/>\n<\/p><div class=\"wpcf7-response-output\" aria-hidden=\"true\"><\/div>\n<\/form>\n<\/div>\n[\/vc_column_text][\/vc_column][vc_column width=&#8221;1\/3&#8243; el_class=&#8221;one_third last&#8221;][vc_empty_space]<div class=\"clearfix margin_top2\"><\/div>[vc_column_text]<\/p>\n<p class=\"p1\"><span class=\"s1\"><b>CONTACT US<\/b><\/span><\/p>\n<p>&nbsp;<\/p>\n<p><strong>Email:<\/strong><br \/>\n<a href=\"mailto:info@e-termopac.com\" target=\"_blank\" rel=\"noopener noreferrer\">info@18.214.71.244<\/a><br \/>\n<a href=\"mailto:ventas.internacionales@e-termopac.com\" target=\"_blank\" rel=\"noopener noreferrer\">ventas.internacionales@e-<wbr \/>termopac.com<\/a><br \/>\n<a href=\"mailto:ventas.locales@e-termopac.com\" target=\"_blank\" rel=\"noopener noreferrer\">ventas.locales@e-termopac.com<\/a><\/p>\n<p>&nbsp;<\/p>\n<p><strong>Careers:<\/strong><br \/>\n<span style=\"font-weight: 400;\"> Are you interested in having a career with us? Send us your resume to:<\/span> <a href=\"mailto:candidatost@e-termopac.com\" target=\"_blank\" rel=\"noopener noreferrer\">candidatost@e-termopac.com<\/a><\/p>\n<p>&nbsp;<\/p>\n<p><strong>Address:<\/strong><br \/>\n<span style=\"font-weight: 400;\">Avenida Nicol\u00e1s de Ovando, No. 340, Cristo Rey, Santo Domingo, Rep\u00fablica Dominicana, C\u00f3digo Postal 10410<\/span><\/p>\n<p>&nbsp;<\/p>\n<p><strong>Phone:<\/strong><br \/>\n<span style=\"font-weight: 400;\">809-732-7659 \/\u00a0809-567-0600<\/span><\/p>\n<p>&nbsp;<\/p>\n<p><strong>Schedule:<\/strong><br \/>\n<span style=\"font-weight: 400;\">From 8:30 a.m. a 5:30 p.m. Monday through Friday<\/span>[\/vc_column_text][\/vc_column][\/vc_row][vc_row][vc_column]<div class=\"clearfix margin_top7\"><\/div>[\/vc_column][\/vc_row][vc_row king_row_type=&#8221;container_full&#8221;][vc_column css=&#8221;.vc_custom_1510604988054{border-top-width: 20px !important;border-top-color: #1e469e !important;border-top-style: solid !important;}&#8221;][vc_gmaps link=&#8221;#E-8_JTNDaWZyYW1lJTIwc3JjJTNEJTIyaHR0cHMlM0ElMkYlMkZ3d3cuZ29vZ2xlLmNvbSUyRm1hcHMlMkZlbWJlZCUzRnBiJTNEJTIxMW0xOCUyMTFtMTIlMjExbTMlMjExZDM3NDQuNTExODY4Mzg2ODk5NiUyMTJkLTY5LjkxODE2ODU4NzQ1MDk5JTIxM2QxOC40OTk2MjQyMTU0NjkyMyUyMTJtMyUyMTFmMCUyMTJmMCUyMTNmMCUyMTNtMiUyMTFpMTAyNCUyMTJpNzY4JTIxNGYxMy4xJTIxM20zJTIxMW0yJTIxMXMweDhlYWY4OWFmNzA0M2ViYjMlMjUzQTB4YWUxNmE5NzFjOTg4MWQ5YyUyMTJzVGVybW9wYWMlMkJJbmR1c3RyaWFsJTJCUy5BLiUyMTVlMCUyMTNtMiUyMTFzZXMtNDE5JTIxMnNkbyUyMTR2MTUyMDM0ODM4MTUxNyUyMiUyMHdpZHRoJTNEJTIyMTAwJTI1JTIyJTIwaGVpZ2h0JTNEJTIyNDUwJTIyJTIwZnJhbWVib3JkZXIlM0QlMjIwJTIyJTIwc3R5bGUlM0QlMjJib3JkZXIlM0EwJTIyJTIwYWxsb3dmdWxsc2NyZWVuJTNFJTNDJTJGaWZyYW1lJTNF&#8221; size=&#8221;450&#8243;]<div class=\"clearfix margin_top10\"><\/div>[\/vc_column][\/vc_row][vc_row][vc_column][\/vc_column][\/vc_row]<\/p>\n","protected":false},"excerpt":{"rendered":"<p>[vc_row][vc_column][vc_column_text][\/vc_column_text][\/vc_column][\/vc_row][vc_row][vc_column width=&#8221;1\/3&#8243; el_class=&#8221;two_third&#8221; css=&#8221;.vc_custom_1510606418995{padding-right: 80px !important;}&#8221;][vc_custom_heading text=&#8221;CONTACT US&#8221; font_container=&#8221;tag:h2|text_align:left|color:%23eb2927&#8243; use_theme_fonts=&#8221;yes&#8221;][vc_custom_heading text=&#8221;HOW CAN WE HELP YOU?&#8221; font_container=&#8221;tag:h4|text_align:left|color:%23eb2927&#8243; use_theme_fonts=&#8221;yes&#8221;][vc_column_text][\/vc_column_text][\/vc_column][vc_column width=&#8221;1\/3&#8243; el_class=&#8221;one_third last&#8221;][vc_empty_space][vc_column_text] CONTACT US &nbsp; Email: info@18.214.71.244 ventas.internacionales@e-termopac.com ventas.locales@e-termopac.com &nbsp; Careers: Are you interested in having a career with us? Send us your resume to: candidatost@e-termopac.com &nbsp; Address: Avenida Nicol\u00e1s de Ovando, No. 340, Cristo Rey, Santo [&hellip;]<\/p>\n","protected":false},"author":1,"featured_media":0,"parent":0,"menu_order":0,"comment_status":"closed","ping_status":"closed","template":"templates\/full-width.php","meta":{"footnotes":""},"_links":{"self":[{"href":"http:\/\/termopac.com.do\/en\/wp-json\/wp\/v2\/pages\/39"}],"collection":[{"href":"http:\/\/termopac.com.do\/en\/wp-json\/wp\/v2\/pages"}],"about":[{"href":"http:\/\/termopac.com.do\/en\/wp-json\/wp\/v2\/types\/page"}],"author":[{"embeddable":true,"href":"http:\/\/termopac.com.do\/en\/wp-json\/wp\/v2\/users\/1"}],"replies":[{"embeddable":true,"href":"http:\/\/termopac.com.do\/en\/wp-json\/wp\/v2\/comments?post=39"}],"version-history":[{"count":29,"href":"http:\/\/termopac.com.do\/en\/wp-json\/wp\/v2\/pages\/39\/revisions"}],"predecessor-version":[{"id":381,"href":"http:\/\/termopac.com.do\/en\/wp-json\/wp\/v2\/pages\/39\/revisions\/381"}],"wp:attachment":[{"href":"http:\/\/termopac.com.do\/en\/wp-json\/wp\/v2\/media?parent=39"}],"curies":[{"name":"wp","href":"https:\/\/api.w.org\/{rel}","templated":true}]}}